{"id":1063,"date":"2025-08-25T14:32:42","date_gmt":"2025-08-25T12:32:42","guid":{"rendered":"https:\/\/ayoa-conseil.com\/?page_id=1063"},"modified":"2025-10-29T12:56:31","modified_gmt":"2025-10-29T10:56:31","slug":"1063-2","status":"publish","type":"page","link":"https:\/\/ayoa-conseil.com\/index.php\/1063-2\/","title":{"rendered":"Mentions l\u00e9gales"},"content":{"rendered":"\n[et_pb_section fb_built=\u00a0\u00bb1&Prime; theme_builder_area=\u00a0\u00bbpost_content\u00a0\u00bb _builder_version=\u00a0\u00bb4.27.4&Prime; _module_preset=\u00a0\u00bbdefault\u00a0\u00bb][et_pb_row _builder_version=\u00a0\u00bb4.27.4&Prime; _module_preset=\u00a0\u00bbdefault\u00a0\u00bb theme_builder_area=\u00a0\u00bbpost_content\u00a0\u00bb][et_pb_column _builder_version=\u00a0\u00bb4.27.4&Prime; _module_preset=\u00a0\u00bbdefault\u00a0\u00bb type=\u00a0\u00bb4_4&Prime; theme_builder_area=\u00a0\u00bbpost_content\u00a0\u00bb][et_pb_text _builder_version=\u00a0\u00bb4.27.4&Prime; _module_preset=\u00a0\u00bbdefault\u00a0\u00bb theme_builder_area=\u00a0\u00bbpost_content\u00a0\u00bb hover_enabled=\u00a0\u00bb0&Prime; sticky_enabled=\u00a0\u00bb0&Prime;]<p data-start=\"411\" data-end=\"741\"><span style=\"color: #000000;\"><strong data-start=\"411\" data-end=\"433\">1. \u00c9diteur du site<\/strong><\/span><br data-start=\"433\" data-end=\"436\" \/><span style=\"color: #000000;\">Le pr\u00e9sent site est \u00e9dit\u00e9 par :<\/span><br data-start=\"467\" data-end=\"470\" \/><span style=\"color: #000000;\"><strong data-start=\"470\" data-end=\"486\">Ayoa Conseil<\/strong><\/span><br data-start=\"486\" data-end=\"489\" \/><span style=\"color: #000000;\">Forme juridique : SAS<\/span><br data-start=\"558\" data-end=\"561\" \/><span style=\"color: #000000;\">Si\u00e8ge social : 1 rue du Vair, 54520 LAXOU<\/span><br data-start=\"594\" data-end=\"597\" \/><span style=\"color: #000000;\">SIRET : 89869037500024<\/span><br data-start=\"622\" data-end=\"625\" \/><span style=\"color: #000000;\">Responsable de publication : Franck Mansuy<\/span><br data-start=\"682\" data-end=\"685\" \/><span style=\"color: #000000;\">Email : souriez@happiness-fm.fr<\/span><br data-start=\"712\" data-end=\"715\" \/><span style=\"color: #000000;\">T\u00e9l\u00e9phone : 07.67.32.47.31<\/span><\/p>\n<hr data-start=\"743\" data-end=\"746\" \/>\n<p data-start=\"748\" data-end=\"1046\"><span style=\"color: #000000;\"><strong data-start=\"748\" data-end=\"774\">2. H\u00e9bergement du site<\/strong><\/span><br data-start=\"774\" data-end=\"777\" \/><span style=\"color: #000000;\">Le site est h\u00e9berg\u00e9 par :<\/span><br data-start=\"802\" data-end=\"805\" \/><span style=\"color: #000000;\"><strong data-start=\"805\" data-end=\"817\">OVHcloud<\/strong><\/span><br data-start=\"817\" data-end=\"820\" \/><span style=\"color: #000000;\">SAS au capital de 10 174 560 \u20ac<\/span><br data-start=\"850\" data-end=\"853\" \/><span style=\"color: #000000;\">Si\u00e8ge social : 2 rue Kellermann \u2013 59100 Roubaix \u2013 France<\/span><br data-start=\"909\" data-end=\"912\" \/><span style=\"color: #000000;\">RCS Lille M\u00e9tropole 424 761 419 00045<\/span><br data-start=\"949\" data-end=\"952\" \/><span style=\"color: #000000;\">T\u00e9l\u00e9phone : 09 72 10 10 07<\/span><br data-start=\"978\" data-end=\"981\" \/><span style=\"color: #000000;\">Site web : <a data-start=\"992\" data-end=\"1044\" class=\"decorated-link cursor-pointer\" rel=\"noopener\" target=\"_new\" style=\"color: #000000;\">https:\/\/www.ovhcloud.com<span aria-hidden=\"true\" class=\"ms-0.5 inline-block align-middle leading-none\"><svg width=\"20\" height=\"20\" viewbox=\"0 0 20 20\" fill=\"currentColor\" xmlns=\"http:\/\/www.w3.org\/2000\/svg\" data-rtl-flip=\"\" class=\"block h-[0.75em] w-[0.75em] stroke-current stroke-[0.75]\"><path d=\"M14.3349 13.3301V6.60645L5.47065 15.4707C5.21095 15.7304 4.78895 15.7304 4.52925 15.4707C4.26955 15.211 4.26955 14.789 4.52925 14.5293L13.3935 5.66504H6.66011C6.29284 5.66504 5.99507 5.36727 5.99507 5C5.99507 4.63273 6.29284 4.33496 6.66011 4.33496H14.9999L15.1337 4.34863C15.4369 4.41057 15.665 4.67857 15.665 5V13.3301C15.6649 13.6973 15.3672 13.9951 14.9999 13.9951C14.6327 13.9951 14.335 13.6973 14.3349 13.3301Z\"><\/path><\/svg><\/span><\/a><\/span><\/p>\n<hr data-start=\"1048\" data-end=\"1051\" \/>\n<p data-start=\"1053\" data-end=\"1418\"><span style=\"color: #000000;\"><strong data-start=\"1053\" data-end=\"1084\">3. Propri\u00e9t\u00e9 intellectuelle<\/strong><\/span><br data-start=\"1084\" data-end=\"1087\" \/><span style=\"color: #000000;\">L\u2019ensemble du contenu du site (textes, images, illustrations, graphismes, logo, ic\u00f4nes, etc.) est la propri\u00e9t\u00e9 exclusive de <strong data-start=\"1211\" data-end=\"1227\">Ayoa Conseil<\/strong>, sauf mention contraire.<\/span><br data-start=\"1252\" data-end=\"1255\" \/><span style=\"color: #000000;\">Toute reproduction, distribution, modification, adaptation ou publication, m\u00eame partielle, de ces \u00e9l\u00e9ments est strictement interdite sans accord \u00e9crit pr\u00e9alable.<\/span><\/p>\n<hr data-start=\"1420\" data-end=\"1423\" \/>\n<p data-start=\"1425\" data-end=\"1743\"><span style=\"color: #000000;\"><strong data-start=\"1425\" data-end=\"1467\">4. Protection des donn\u00e9es personnelles<\/strong><\/span><br data-start=\"1467\" data-end=\"1470\" \/><span style=\"color: #000000;\">Conform\u00e9ment au R\u00e8glement G\u00e9n\u00e9ral sur la Protection des Donn\u00e9es (RGPD), les informations personnelles collect\u00e9es sur ce site (formulaires de contact, inscriptions, etc.) sont destin\u00e9es uniquement \u00e0 l\u2019usage de <strong data-start=\"1679\" data-end=\"1695\">Ayoa Conseil<\/strong> et ne seront en aucun cas c\u00e9d\u00e9es \u00e0 des tiers.<\/span><\/p>\n<p data-start=\"1745\" data-end=\"1950\"><span style=\"color: #000000;\">Vous disposez d\u2019un droit d\u2019acc\u00e8s, de rectification, de suppression et d\u2019opposition concernant vos donn\u00e9es personnelles.<\/span><br data-start=\"1864\" data-end=\"1867\" \/><span style=\"color: #000000;\">Pour exercer ce droit, vous pouvez nous contacter \u00e0 : [adresse email de contact].<\/span><\/p>\n<hr data-start=\"1952\" data-end=\"1955\" \/>\n<p data-start=\"1957\" data-end=\"2208\"><span style=\"color: #000000;\"><strong data-start=\"1957\" data-end=\"1971\">5. Cookies<\/strong><\/span><br data-start=\"1971\" data-end=\"1974\" \/><span style=\"color: #000000;\">Le site peut \u00eatre amen\u00e9 \u00e0 d\u00e9poser des cookies sur votre terminal afin d\u2019am\u00e9liorer l\u2019exp\u00e9rience utilisateur et de r\u00e9aliser des statistiques de visite.<\/span><br data-start=\"2123\" data-end=\"2126\" \/><span style=\"color: #000000;\">Vous pouvez configurer votre navigateur pour refuser tout ou partie des cookies.<\/span><\/p>\n<hr data-start=\"2210\" data-end=\"2213\" \/>\n<p data-start=\"2215\" data-end=\"2467\"><span style=\"color: #000000;\"><strong data-start=\"2215\" data-end=\"2236\">6. Responsabilit\u00e9<\/strong><\/span><br data-start=\"2236\" data-end=\"2239\" \/><span style=\"color: #000000;\"><strong data-start=\"2239\" data-end=\"2255\">Ayoa Conseil<\/strong> met tout en \u0153uvre pour assurer l\u2019exactitude des informations diffus\u00e9es sur le site. Toutefois, nous ne saurions \u00eatre tenus responsables d\u2019erreurs, d\u2019omissions ou de l\u2019indisponibilit\u00e9 de certaines informations.<\/span><\/p>[\/et_pb_text][\/et_pb_column][\/et_pb_row][\/et_pb_section]\n","protected":false},"excerpt":{"rendered":"<p>1. \u00c9diteur du siteLe pr\u00e9sent site est \u00e9dit\u00e9 par :Ayoa ConseilForme juridique : SASSi\u00e8ge social : 1 rue du Vair, 54520 LAXOUSIRET : 89869037500024Responsable de publication : Franck MansuyEmail : souriez@happiness-fm.frT\u00e9l\u00e9phone : 07.67.32.47.31 2. H\u00e9bergement du siteLe site est h\u00e9berg\u00e9 par :OVHcloudSAS au capital de 10 174 560 \u20acSi\u00e8ge social : 2 rue Kellermann \u2013 [&hellip;]<\/p>\n","protected":false},"author":2,"featured_media":0,"parent":0,"menu_order":0,"comment_status":"closed","ping_status":"closed","template":"","meta":{"_et_pb_use_builder":"on","_et_pb_old_content":"","_et_gb_content_width":"","content-type":"","footnotes":""},"class_list":["post-1063","page","type-page","status-publish","hentry"],"_links":{"self":[{"href":"https:\/\/ayoa-conseil.com\/index.php\/wp-json\/wp\/v2\/pages\/1063","targetHints":{"allow":["GET"]}}],"collection":[{"href":"https:\/\/ayoa-conseil.com\/index.php\/wp-json\/wp\/v2\/pages"}],"about":[{"href":"https:\/\/ayoa-conseil.com\/index.php\/wp-json\/wp\/v2\/types\/page"}],"author":[{"embeddable":true,"href":"https:\/\/ayoa-conseil.com\/index.php\/wp-json\/wp\/v2\/users\/2"}],"replies":[{"embeddable":true,"href":"https:\/\/ayoa-conseil.com\/index.php\/wp-json\/wp\/v2\/comments?post=1063"}],"version-history":[{"count":3,"href":"https:\/\/ayoa-conseil.com\/index.php\/wp-json\/wp\/v2\/pages\/1063\/revisions"}],"predecessor-version":[{"id":1577,"href":"https:\/\/ayoa-conseil.com\/index.php\/wp-json\/wp\/v2\/pages\/1063\/revisions\/1577"}],"wp:attachment":[{"href":"https:\/\/ayoa-conseil.com\/index.php\/wp-json\/wp\/v2\/media?parent=1063"}],"curies":[{"name":"wp","href":"https:\/\/api.w.org\/{rel}","templated":true}]}}